{"id":13323,"date":"2014-05-03T22:39:35","date_gmt":"2014-05-03T22:39:35","guid":{"rendered":"https:\/\/thinhmle.com\/?page_id=13323"},"modified":"2018-11-08T19:46:42","modified_gmt":"2018-11-08T19:46:42","slug":"la-guia-para-el-examen-de-canadian-citizenship","status":"publish","type":"page","link":"https:\/\/thinhmle.com\/es\/productos\/la-guia-para-el-examen-de-canadian-citizenship\/","title":{"rendered":"La\u00a0Gu\u00eda\u00a0para\u00a0el\u00a0Examen\u00a0de\u00a0\u00abCanadian\u00a0Citizenship\u00bb"},"content":{"rendered":"<div class=\"wpb_row wf-container wf-container\">\n\t<div class=\"wf-cell wf-span-12 wpb_column column_container \">\n\t\t\t\n\t<div class=\"wpb_tabs wpb_content_element tab-style-three\" data-interval=\"0\">\n\t\t<div class=\"wpb_wrapper wpb_tour_tabs_wrapper ui-tabs clearfix\">\n\t\t\t<ul class=\"wpb_tabs_nav ui-tabs-nav clearfix\"><li><a href=\"#tab-1386867167-1-38\">Introducci\u00f3n<\/a><\/li><li><a href=\"#tab-1386867167-2-37\">C\u00f3mo comprar el software<\/a><\/li><li><a href=\"#tab-1391046974158-2-0\">C\u00f3mo comprar el libro<\/a><\/li><li><a href=\"#tab-1391642381963-3-8\">C\u00f3mo descargar la gu\u00eda muestra <\/a><\/li><\/ul>\n\n\t\t\t\n\t\t\t<div id=\"tab-1386867167-1-38\" class=\"wpb_tab ui-tabs-panel wpb_ui-tabs-hide clearfix\">\n\t\t\t\t\n\t<div class=\"wpb_text_column wpb_content_element \">\n\t\t<div class=\"wpb_wrapper\">\n\t\t\t\n<h3>La Gu\u00eda en Ingl\u00e9s-Espa\u00f1ol para el Examen de \u00abCanadian Citizenship\u00bb (Ciudadan\u00eda Canadiense) en papel, iPhone y iPad<\/h3>\n<p><a href=\"https:\/\/thinhmle.com\/wp-content\/uploads\/2014\/05\/eng-esp-152x152.png\"><img loading=\"lazy\" decoding=\"async\" class=\"size-full wp-image-13352 alignleft\" src=\"https:\/\/thinhmle.com\/wp-content\/uploads\/2014\/05\/eng-esp-152x152.png\" alt=\"eng-esp-152x152\" width=\"152\" height=\"152\" srcset=\"https:\/\/thinhmle.com\/wp-content\/uploads\/2014\/05\/eng-esp-152x152.png 152w, https:\/\/thinhmle.com\/wp-content\/uploads\/2014\/05\/eng-esp-152x152-150x150.png 150w\" sizes=\"auto, (max-width: 152px) 100vw, 152px\" \/><\/a>Esta gu\u00eda est\u00e1 escrita para ayudar a los residentes permanentes de Canad\u00e1 a prepararse para el examen de ciudadan\u00eda canadiense, mediante la lectura de los materiales, la pr\u00e1ctica de responder a las preguntas , en cualquier lugar y en cualquier momento. La gu\u00eda incluye:<\/p>\n<p>El conocimiento sobre los derechos y responsabilidades de los ciudadanos canadienses; Conocimientos generales relacionados con la historia, la econom\u00eda, la cultura, la sociedad, geograf\u00eda y s\u00edmbolos de Canad\u00e1 publicados por el Ministerio de Inmigraci\u00f3n, Ciudadan\u00eda y Multiculturalismo en Ingl\u00e9s. La versi\u00f3n espa\u00f1ola es traducida por nosotros.<\/p>\n<p>M\u00e1s de 200 preguntas de pr\u00e1ctica se han cosechado de nuestra experiencia de vida, y nuestra experiencia en la ense\u00f1anza dentro de la comunidad en Montreal.<\/p>\n<p>Actualizaciones en los l\u00edderes y los partidos pol\u00edticos (en el poder, as\u00ed como oposiciones) en las provincias de: Alberta, British Columbia, Manitoba, Nova Scotia, New Brunswick, Newfoundland y Labrador, Nova Scotia, Ontario, Qu\u00e9bec, y Saskatchewan.<\/p>\n<h3>Actualizaciones<\/h3>\n<ul class=\"standard-arrow list-divider\">\n<li>\n<p><strong>Versi\u00f3n 3.14<\/strong>: Actualizaci\u00f3n sobre los nombres del Teniente Gobernador y L\u00edder del Nuevo Partido Dem\u00f3crata de Saskatchewan.<\/p>\n<\/li>\n<li>\n<p><strong>Versi\u00f3n 3.13<\/strong>: Actualizaci\u00f3n de los nombres de los vice-gobernadores de British Columbia, Terranova y Labrador, y Saskatchewan; y nombre de primer ministro de Ontario. Compatible con iOS 12, a\u00fan compatible con iOS 9.3.<\/p>\n<\/li>\n<li>\n<p><strong>Versi\u00f3n 3.12<\/strong>: Error menor solucionado. Los nombres de los alcaldes de las grandes ciudades.<\/p>\n<\/li>\n<li>\n<p><strong>Versi\u00f3n 3.11<\/strong>: Actualizaciones de los Tenientes Gobernadores, Primeros Ministros de las provincias de Canad\u00e1.<\/p>\n<\/li>\n<li>\n<p><strong>Versi\u00f3n 3.8<\/strong>: iOS 9.3 y superiores.\u00a0iPhone: SE, 7 plus, 7, 6s plus, 6s, 6 plus, 6, 5s, 5. iPad: Air, Retina, Pro.<\/p>\n<\/li>\n<li>\n<p><strong>Versi\u00f3n 3.7<\/strong>: iOS 10.3. iPhone: SE, 7 plus, 7, 6s plus, 6s, 6 plus, 6, 5s, 5. iPad: Air, Retina, Pro. La pol\u00edtica en Newfoundland y Labrador.<\/p>\n<\/li>\n<li>\n<p><strong>Versi\u00f3n 3.6<\/strong>: iOS version 10.2.1.<\/p>\n<\/li>\n<li>\n<p><strong>Versi\u00f3n 3.5<\/strong>: iOS 10.0. iPhone: SE, 7 plus, 7, 6s plus, 6s, 6 plus, 6, 5s, 5. iPad: Air, Retina, Pro<\/p>\n<\/li>\n<li>\n<p><strong>Versi\u00f3n 3.4<\/strong>: iOS 9.3. La pol\u00edtica de la provincia de Manitoba.<\/p>\n<\/li>\n<li>\n<p><strong>Versi\u00f3n 3.3<\/strong>: Adem\u00e1s de la pol\u00edtica de la provincia de Nuevo Brunswick, Canada.<\/p>\n<\/li>\n<li>\n<p><strong>Versi\u00f3n 3.2<\/strong>: iOS 9.2. La informaci\u00f3n sobre la provincia de Manitoba<\/p>\n<\/li>\n<li>\n<p><strong>Versi\u00f3n 3.1<\/strong>: iOS 9.0. Resultados de la elecci\u00f3n federal canadiense, el 19 de octubre de 2015. Nombres de tenientes gobernadores de las provincias. Nombres de los primeros ministros de las provincias.<\/p>\n<\/li>\n<li>\n<p><strong>Versi\u00f3n 1.0.4<\/strong>: iOS 8.4. Los candidatos de 65 a\u00f1os de edad o m\u00e1s no necesitan hacer el examen de ciudadan\u00eda, fecha efectiva 11 de junio 2015.<\/p>\n<\/li>\n<li>\n<p><strong>Versi\u00f3n 1.0.2<\/strong>: La nueva actualizaci\u00f3n iOS 8.3. Los resultados de las elecciones generales en Alberta, mayo 2015.<\/p>\n<\/li>\n<li>\n<p><strong>Versi\u00f3n 1.0.1<\/strong>: Se a\u00f1ade un nuevo apartado sobre la pol\u00edtica en Saskatchewan. Los nombres de el asistentes del gobernadors, los primeros ministros, los l\u00edderes de los partidos pol\u00edticos &#8211; en trabajo en el gobierno y en la oposici\u00f3n, alcaldes de las principales ciudades de: Alberta, Columbia Brit\u00e1nica, Manitoba, Nueva-Escocia, Ontario, Quebec y Saskatchewan se han actualizado.<\/p>\n<\/li>\n<\/ul>\n\n\t\t<\/div> \n\t<\/div> \n\t\t\t<\/div> \n\t\t\t<div id=\"tab-1386867167-2-37\" class=\"wpb_tab ui-tabs-panel wpb_ui-tabs-hide clearfix\">\n\t\t\t\t\n\t<div class=\"wpb_text_column wpb_content_element \">\n\t\t<div class=\"wpb_wrapper\">\n\t\t\tSoftware puede ser la compra en las tiendas de iTunes : English &#8211; Spanish Guide to Canadian Citizenship Test..<\/p>\n<h3>C\u00f3mo comprar el software del Examen de \u00abCanadian Citizenship\u00bb para su uso en el iPhone, iPad<\/h3>\n<ol style=\"list-style-type: upper-alpha;\">\n<li><span style=\"line-height: 1.3em;\">Para comprar de Apple Desktop, MacBook, Macbook Pro, Macbook Air, por favor seleccione iTunes store. El seguir es el web link:<\/span><br \/>\n<a href=\"https:\/\/itunes.apple.com\/ca\/app\/english-spanish-guide-to-canadian\/id767172969?mt=8\" target=\"_blank\" rel=\"noopener\">https:\/\/itunes.apple.com\/ca\/app\/english-spanish-guide-to-canadian\/id767172969?mt=8<\/a><\/p>\n<div class=\"hr-thin\"><\/div>\n<\/li>\n<li><span style=\"line-height: 1.3em;\">Para comprar directamente de iPhone, iPad:<\/span><\/li>\n<\/ol>\n<ol style=\"list-style-type: lower-alpha; line-height: 1.3em;\">\n<li style=\"list-style-type: none;\">\n<ol style=\"list-style-type: lower-alpha; line-height: 1.3em;\">\n<li>\n<p style=\"line-height: 1.3em;\">Presione el bot\u00f3n \/ icono \u201cApp Store\u201d.<\/p>\n<div class=\"hr-thin\"><\/div>\n<\/li>\n<li>\n<p style=\"line-height: 1.3em;\">Presione el bot\u00f3n Search (que parece una lupa). Alternativamente, pulse el bot\u00f3n Category &#8211; y escriba lo siguiente: gu\u00eda Ingl\u00e9s\/Espa\u00f1ol para el examen de ciudadan\u00eda canadiense<\/p>\n<div class=\"hr-thin\"><\/div>\n<\/li>\n<li>\n<p style=\"line-height: 1.3em;\">El resultado se mostrar\u00e1 banderas de Inglaterra, y los espa\u00f1oles, con las palabras \u00abThinh Le\u00bb.<\/p>\n<div class=\"hr-thin\"><\/div>\n<\/li>\n<li>\n<p style=\"line-height: 1.3em;\">Presione el bot\u00f3n $$<\/p>\n<div class=\"hr-thin\"><\/div>\n<\/li>\n<li>\n<p style=\"line-height: 1.3em;\">El bot\u00f3n $$ se convertir\u00e1 en el bot\u00f3n \u00abBUY\u201d (COMPRAR). Presione el bot\u00f3n BUY.<\/p>\n<div class=\"hr-thin\"><\/div>\n<\/li>\n<li>\n<p style=\"line-height: 1.3em;\">Ver\u00e1 su ID de cuenta de iTunes aparece (posiblemente su correo electr\u00f3nico). Usted tendr\u00e1 que introducir su contrase\u00f1a.<\/p>\n<div class=\"hr-thin\"><\/div>\n<\/li>\n<li>\n<p style=\"line-height: 1.3em;\">Si tiene \u00e9xito, el iPhone \/ iPad se descargar\u00e1 autom\u00e1ticamente la aplicaci\u00f3n e instalar\u00e1.<\/p>\n<div class=\"hr-thin\"><\/div>\n<\/li>\n<li>\n<p style=\"line-height: 1.3em;\">Una vez descargado e instalado, se mostrar\u00e1 un icono con banderas de Inglaterra, y el espa\u00f1ol, con las palabras \u00abENG &#8211; ESP<\/p>\n<div class=\"hr-thin\"><\/div>\n<\/li>\n<li>\n<p style=\"line-height: 1.3em;\">Presione este icono usted comenzar\u00e1 a utilizar la gu\u00eda..<\/p>\n<\/li>\n<\/ol>\n<\/li>\n<\/ol>\n\n\t\t<\/div> \n\t<\/div> \n\t\t\t<\/div> \n\t\t\t<div id=\"tab-1391046974158-2-0\" class=\"wpb_tab ui-tabs-panel wpb_ui-tabs-hide clearfix\">\n\t\t\t\t\n\t<div class=\"wpb_text_column wpb_content_element \">\n\t\t<div class=\"wpb_wrapper\">\n\t\t\tLa Gu\u00eda en Ingl\u00e9s-Espa\u00f1ol para el Examen de Ciudadan\u00eda de Canad\u00e1 tiene cerca de 100 p\u00e1ginas de contenidos y las 200 preguntas de pr\u00e1ctica y respuestas.<\/p>\n<p>Una gu\u00eda cuesta $ 20 d\u00f3lares, y el env\u00edo en Canad\u00e1 es $ 5.50.<\/p>\n<p>Por favor presione el bot\u00f3n \u00abBUY NOW\u201d (COMPRAR AHORA), por favor complete el nombre y la direcci\u00f3n del receptor que incluye el c\u00f3digo postal.<\/p>\n<div class=\"hr-thin\"><\/div>\n<form action=\"https:\/\/www.paypal.com\/cgi-bin\/webscr\" method=\"post\" target=\"_top\"><input name=\"cmd\" type=\"hidden\" value=\"_s-xclick\" \/><br \/>\n<input name=\"hosted_button_id\" type=\"hidden\" value=\"ZSKNWUJPPYPSL\" \/><br \/>\n<input alt=\"PayPal - The safer, easier way to pay online!\" name=\"submit\" src=\"https:\/\/www.paypalobjects.com\/en_US\/i\/btn\/btn_buynowCC_LG.gif\" type=\"image\" \/><br \/>\n<img loading=\"lazy\" decoding=\"async\" src=\"https:\/\/www.paypalobjects.com\/en_US\/i\/scr\/pixel.gif\" alt=\"\" width=\"1\" height=\"1\" border=\"0\" \/><\/form>\n\n\t\t<\/div> \n\t<\/div> \n\t\t\t<\/div> \n\t\t\t<div id=\"tab-1391642381963-3-8\" class=\"wpb_tab ui-tabs-panel wpb_ui-tabs-hide clearfix\">\n\t\t\t\t\n\t<div class=\"wpb_text_column wpb_content_element \">\n\t\t<div class=\"wpb_wrapper\">\n\t\t\tUsted puede descargar la gu\u00eda de la muestra en formato PDF. Por favor, presione el bot\u00f3n seguido de \u00abDownload\u201d.<\/p>\n<p><a class=\"dt-btn dt-btn-m\" href=\"https:\/\/thinhmle.com\/pdf\/En-Es-Guide-to-Canadian-Citizenship-Test-sample-2018.pdf\" target=\"_blank\">Download<\/a>\n\t\t<\/div> \n\t<\/div> \n\t\t\t<\/div> \n\t\t<\/div> \n\t<\/div> \n\t<\/div> \n<\/div>\n","protected":false},"excerpt":{"rendered":"Introducci\u00f3nC\u00f3mo comprar el softwareC\u00f3mo comprar el libroC\u00f3mo descargar la gu\u00eda muestra La Gu\u00eda en Ingl\u00e9s-Espa\u00f1ol para el Examen de \"Canadian Citizenship\" (Ciudadan\u00eda Canadiense) en papel, iPhone y iPad Esta gu\u00eda est\u00e1 escrita para ayudar a los residentes permanentes de Canad\u00e1 a prepararse para el examen de ciudadan\u00eda canadiense, mediante la lectura de los materiales, la&hellip;","protected":false},"author":1,"featured_media":0,"parent":13320,"menu_order":0,"comment_status":"closed","ping_status":"closed","template":"","meta":{"footnotes":"","_links_to":"","_links_to_target":""},"class_list":["post-13323","page","type-page","status-publish","hentry"],"_links":{"self":[{"href":"https:\/\/thinhmle.com\/es\/wp-json\/wp\/v2\/pages\/13323","targetHints":{"allow":["GET"]}}],"collection":[{"href":"https:\/\/thinhmle.com\/es\/wp-json\/wp\/v2\/pages"}],"about":[{"href":"https:\/\/thinhmle.com\/es\/wp-json\/wp\/v2\/types\/page"}],"author":[{"embeddable":true,"href":"https:\/\/thinhmle.com\/es\/wp-json\/wp\/v2\/users\/1"}],"replies":[{"embeddable":true,"href":"https:\/\/thinhmle.com\/es\/wp-json\/wp\/v2\/comments?post=13323"}],"version-history":[{"count":11,"href":"https:\/\/thinhmle.com\/es\/wp-json\/wp\/v2\/pages\/13323\/revisions"}],"predecessor-version":[{"id":14822,"href":"https:\/\/thinhmle.com\/es\/wp-json\/wp\/v2\/pages\/13323\/revisions\/14822"}],"up":[{"embeddable":true,"href":"https:\/\/thinhmle.com\/es\/wp-json\/wp\/v2\/pages\/13320"}],"wp:attachment":[{"href":"https:\/\/thinhmle.com\/es\/wp-json\/wp\/v2\/media?parent=13323"}],"curies":[{"name":"wp","href":"https:\/\/api.w.org\/{rel}","templated":true}]}}