{"id":13320,"date":"2014-05-03T22:27:49","date_gmt":"2014-05-03T22:27:49","guid":{"rendered":"https:\/\/thinhmle.com\/?page_id=13320"},"modified":"2015-11-13T06:09:36","modified_gmt":"2015-11-13T06:09:36","slug":"productos","status":"publish","type":"page","link":"https:\/\/thinhmle.com\/es\/productos\/","title":{"rendered":"Productos"},"content":{"rendered":"<div class=\"wpb_row wf-container wf-container\">\n\t<div class=\"wf-cell wf-span-12 wpb_column column_container \">\n\t\t\t\n\t<div class=\"wpb_text_column wpb_content_element \">\n\t\t<div class=\"wpb_wrapper\">\n\t\t\t\n<p style=\"text-align: center;\"><a href=\"https:\/\/thinhmle.com\/es\/productos\/la-guia-para-el-examen-de-canadian-citizenship\/\"><img loading=\"lazy\" decoding=\"async\" class=\"size-medium wp-image-13358 aligncenter\" alt=\"san-pham-nhu-lieu-thi-quoc-tich\" src=\"https:\/\/thinhmle.com\/wp-content\/uploads\/2014\/05\/san-pham-nhu-lieu-thi-quoc-tich-300x185.png\" width=\"300\" height=\"185\" srcset=\"https:\/\/thinhmle.com\/wp-content\/uploads\/2014\/05\/san-pham-nhu-lieu-thi-quoc-tich-300x185.png 300w, https:\/\/thinhmle.com\/wp-content\/uploads\/2014\/05\/san-pham-nhu-lieu-thi-quoc-tich.png 340w\" sizes=\"auto, (max-width: 300px) 100vw, 300px\" \/><\/a><\/p>\n<h3 style=\"text-align: center;\">La Gu\u00eda para el Examen de \u201dCanadian Citizenship\u201d<\/h3>\n<p style=\"text-align: center;\">La Gu\u00eda en Ingl\u00e9s-Espa\u00f1ol para el Examen de \u00abCanadian Citizenship\u00bb (Ciudadan\u00eda Canadiense) en papel, iPhone y iPad<\/p>\n<p style=\"text-align: center;\"><a class=\"dt-btn dt-btn-m\" href=\"https:\/\/thinhmle.com\/es\/productos\/la-guia-para-el-examen-de-canadian-citizenship\/\">Leer m\u00e1s<\/a><\/p>\n\n\t\t<\/div> \n\t<\/div> \n\t<\/div> \n<\/div>\n","protected":false},"excerpt":{"rendered":"La Gu\u00eda para el Examen de \u201dCanadian Citizenship\u201d La Gu\u00eda en Ingl\u00e9s-Espa\u00f1ol para el Examen de \"Canadian Citizenship\" (Ciudadan\u00eda Canadiense) en papel, iPhone y iPad Leer m\u00e1s","protected":false},"author":1,"featured_media":0,"parent":0,"menu_order":0,"comment_status":"closed","ping_status":"closed","template":"","meta":{"footnotes":"","_links_to":"","_links_to_target":""},"class_list":["post-13320","page","type-page","status-publish","hentry"],"_links":{"self":[{"href":"https:\/\/thinhmle.com\/es\/wp-json\/wp\/v2\/pages\/13320","targetHints":{"allow":["GET"]}}],"collection":[{"href":"https:\/\/thinhmle.com\/es\/wp-json\/wp\/v2\/pages"}],"about":[{"href":"https:\/\/thinhmle.com\/es\/wp-json\/wp\/v2\/types\/page"}],"author":[{"embeddable":true,"href":"https:\/\/thinhmle.com\/es\/wp-json\/wp\/v2\/users\/1"}],"replies":[{"embeddable":true,"href":"https:\/\/thinhmle.com\/es\/wp-json\/wp\/v2\/comments?post=13320"}],"version-history":[{"count":0,"href":"https:\/\/thinhmle.com\/es\/wp-json\/wp\/v2\/pages\/13320\/revisions"}],"wp:attachment":[{"href":"https:\/\/thinhmle.com\/es\/wp-json\/wp\/v2\/media?parent=13320"}],"curies":[{"name":"wp","href":"https:\/\/api.w.org\/{rel}","templated":true}]}}