{"id":14214,"date":"2016-02-05T02:49:19","date_gmt":"2016-02-05T02:49:19","guid":{"rendered":"https:\/\/thinhmle.com\/?page_id=14214"},"modified":"2016-02-05T02:50:53","modified_gmt":"2016-02-05T02:50:53","slug":"charity","status":"publish","type":"page","link":"https:\/\/thinhmle.com\/en\/charity\/","title":{"rendered":"Charity"},"content":{"rendered":"<div class=\"wpb_row wf-container wf-container\">\n\t<div class=\"wf-cell wf-span-12 wpb_column column_container \">\n\t\t\t\n\t<div class=\"wpb_text_column wpb_content_element \">\n\t\t<div class=\"wpb_wrapper\">\n\t\t\t\n<h3>Ch\u1ebft d\u01b0\u1edbi tay Trung Qu\u1ed1c<\/h3>\n\n\t\t<\/div> \n\t<\/div> \n\t<\/div> \n<\/div><div class=\"wpb_row wf-container wf-container\">\n\t<div class=\"wf-cell wf-span-12 wpb_column column_container \">\n\t\t\t\n\t<div class=\"wpb_tabs wpb_content_element tab-style-three\" data-interval=\"0\">\n\t\t<div class=\"wpb_wrapper wpb_tour_tabs_wrapper ui-tabs clearfix\">\n\t\t\t<ul class=\"wpb_tabs_nav ui-tabs-nav clearfix\"><li><a href=\"#tab-1386870003-1-40\">Gi\u1edbi thi\u1ec7u<\/a><\/li><li><a href=\"#tab-1386956539916-2-2\">Qu\u1ef9 h\u1ecdc b\u1ed5ng<\/a><\/li><li><a href=\"#tab-1386870003-2-41\">C\u00e1ch mua eBook<\/a><\/li><li><a href=\"#tab-1391047984577-3-10\">C\u00e1ch mua s\u00e1ch<\/a><\/li><\/ul>\n\n\t\t\t\n\t\t\t<div id=\"tab-1386870003-1-40\" class=\"wpb_tab ui-tabs-panel wpb_ui-tabs-hide clearfix\">\n\t\t\t\t\n\t<div class=\"wpb_text_column wpb_content_element  wpb_animate_when_almost_visible wpb_appear\">\n\t\t<div class=\"wpb_wrapper\">\n\t\t\t<strong>L\u1eddi gi\u1edbi thi\u1ec7u b\u1ea3n Vi\u1ec7t ng\u1eef \u201cCh\u1ebft d\u01b0\u1edbi tay Trung Qu\u1ed1c\u201d<\/strong><\/p>\n<p style=\"text-align: justify;\">Ch\u00fang t\u00f4i h\u00e2n h\u1ea1nh chuy\u1ec3n \u0111\u1ebfn qu\u00fd v\u1ecb v\u00e0 c\u00e1c b\u1ea1n b\u1ea3n ti\u1ebfng Vi\u1ec7t c\u1ee7a m\u1ed9t t\u00e0i li\u1ec7u r\u1ea5t c\u00f3 gi\u00e1 tr\u1ecb.<\/p>\n<p style=\"text-align: justify;\"><a href=\"https:\/\/thinhmle.com\/wp-content\/uploads\/2013\/12\/Chet-duoi-tay-Trung-Quoc-cover-thumbnail.jpg\"><img loading=\"lazy\" decoding=\"async\" class=\"size-medium wp-image-12965 alignleft\" alt=\"Chet-duoi-tay-Trung-Quoc-cover-thumbnail\" src=\"https:\/\/thinhmle.com\/wp-content\/uploads\/2013\/12\/Chet-duoi-tay-Trung-Quoc-cover-thumbnail-200x300.jpg\" width=\"200\" height=\"300\" srcset=\"https:\/\/thinhmle.com\/wp-content\/uploads\/2013\/12\/Chet-duoi-tay-Trung-Quoc-cover-thumbnail-200x300.jpg 200w, https:\/\/thinhmle.com\/wp-content\/uploads\/2013\/12\/Chet-duoi-tay-Trung-Quoc-cover-thumbnail.jpg 420w\" sizes=\"auto, (max-width: 200px) 100vw, 200px\" \/><\/a>Death by China &#8211; \u2018Ch\u1ebft d\u01b0\u1edbi tay Trung Qu\u1ed1c\u2019 &#8211; l\u00e0 m\u1ed9t c\u00f4ng tr\u00ecnh nghi\u00ean c\u1ee9u \u0111\u01b0a ra nhi\u1ec1u b\u1eb1ng ch\u1ee9ng c\u1ee5 th\u1ec3 c\u1ee7a Peter W. Navarro Gi\u00e1o s\u01b0 Kinh t\u1ebf v\u00e0 Ch\u00ednh s\u00e1ch C\u00f4ng c\u1ed9ng t\u1ea1i \u0110\u1ea1i h\u1ecdc California, Irvine, v\u1edbi s\u1ef1 c\u1ed9ng t\u00e1c c\u1ee7a Greg W. Autry, Chuy\u00ean gia Kinh t\u1ebf Cao c\u1ea5p trong hai t\u1ed5 ch\u1ee9c American Jobs Alliance v\u00e0 Coalition for a Prosperous America. Quy\u1ec3n s\u00e1ch \u0111\u00e3 ph\u00e2n t\u00edch m\u1ed9t c\u00e1ch c\u1eb7n k\u1ebd nh\u1eefng chi\u00eau th\u1ee9c kinh t\u1ebf, x\u00e3 h\u1ed9i, ch\u00ednh tr\u1ecb, v\u00e0 qu\u00e2n s\u1ef1 c\u1ee7a Trung Qu\u1ed1c \u0111\u1ec3 l\u1ea5y \u0111i h\u00e0ng ch\u1ee5c tri\u1ec7u vi\u1ec7c l\u00e0m c\u1ee7a Hoa K\u1ef3. M\u1eb7t kh\u00e1c, chi\u1ebfn l\u01b0\u1ee3c n\u00e0y c\u1ee7a Trung Qu\u1ed1c c\u0169ng g\u00e2y ra 5 hi\u1ec3m h\u1ecda qu\u00e2n s\u1ef1 m\u00e0 Hoa K\u1ef3 v\u00e0 th\u1ebf gi\u1edbi t\u1ef1 do ph\u1ea3i \u0111\u1ed1i \u0111\u1ea7u trong nh\u1eefng th\u1eadp ni\u00ean t\u1edbi. Gs. Navarro c\u0169ng ph\u1ea3n bi\u1ec7n m\u1ea1nh m\u1ebd nh\u1eefng \u00fd ki\u1ebfn c\u1ee7a Thomas Friedman v\u1ec1 thuy\u1ebft &#8220;Th\u1ebf gi\u1edbi ph\u1eb3ng&#8221;. \u00d4ng cho r\u1eb1ng th\u1ebf gi\u1edbi ch\u1ec9 th\u1eadt s\u1ef1 ph\u1eb3ng khi c\u00e1c qu\u1ed1c gia c\u00f9ng tu\u00e2n th\u1ee7 m\u1ed9t lu\u1eadt l\u1ec7 chung m\u00e0 hi\u1ec7n nay Trung Qu\u1ed1c kh\u00f4ng t\u00f4n tr\u1ecdng.<\/p>\n<p style=\"text-align: justify;\">C\u0169ng theo Gs. Navarro, Trung Qu\u1ed1c \u0111\u00e3 v\u00e0 \u0111ang tr\u1edf th\u00e0nh m\u1ed9t lo\u1ea1i th\u1ef1c d\u00e2n ki\u1ec3u m\u1edbi \u0111i v\u01a1 v\u00e9t t\u00e0i nguy\u00ean, gieo hi\u1ec3m h\u1ecda m\u00f4i tr\u01b0\u1eddng, mang ng\u01b0\u1eddi \u0111\u1ebfn \u0111\u1ec3 H\u00e1n h\u00f3a, gi\u00e0nh gi\u1eadt vi\u1ec7c l\u00e0m v\u00e0 ngu\u1ed3n s\u1ed1ng c\u1ee7a ng\u01b0\u1eddi d\u00e2n b\u1ea3n \u0111\u1ecba khi\u1ebfn cho nh\u1eefng n\u01b0\u1edbc tuy gi\u00e0u t\u00e0i nguy\u00ean nh\u01b0ng l\u1ea1i ph\u1ea3i l\u00fan s\u00e2u h\u01a1n n\u1eefa v\u00e0o t\u00ecnh tr\u1ea1ng b\u1ea7n c\u00f9ng v\u00e0 \u0111\u00f3i ngh\u00e8o.<\/p>\n<p style=\"text-align: justify;\">Ri\u00eang t\u1ea1i T\u00e2y T\u1ea1ng, N\u1ed9i M\u00f4ng v\u00e0 \u0110\u00f4ng Turkestan, chi\u1ebfn d\u1ecbch H\u00e1n h\u00f3a c\u1ee7a Trung Qu\u1ed1c bao g\u1ed3m t\u1eeb c\u00e1c h\u00e0nh \u0111\u1ed9ng \u0111em xe ch\u1edf h\u00e0ng tri\u1ec7u ng\u01b0\u1eddi H\u00e1n v\u00e0o v\u00e0 b\u1eaft \u0111i (ho\u1eb7c gi\u1ebft ch\u1ebft) ng\u01b0\u1eddi \u0111\u1ecba ph\u01b0\u01a1ng cho \u0111\u1ebfn vi\u1ec7c tri\u1ec7t s\u1ea3n ph\u1ee5 n\u1eef ho\u1eb7c pha lo\u00e3ng b\u1ed9 gen c\u1ee7a h\u1ecd b\u1eb1ng ch\u00ednh s\u00e1ch ph\u00e1t \u0111\u1ed9ng k\u1ebft h\u00f4n v\u1edbi \u0111\u00e0n \u00f4ng H\u00e1n.<\/p>\n<p style=\"text-align: justify;\">B\u1ea3n d\u1ecbch ti\u1ebfng Vi\u1ec7t cu\u1ed1n Death by China \u0111\u00e3 \u0111\u01b0\u1ee3c th\u1ef1c hi\u1ec7n v\u1edbi s\u1ef1 \u0111\u1ed3ng \u00fd c\u1ee7a Gs. Peter W. Navarro. D\u1ef1a tr\u00ean b\u1ea3n d\u1ecbch v\u00e0 s\u1ef1 th\u1ecfa thu\u1eadn c\u1ee7a Nh\u00f3m C\u1ef1u Sinh vi\u00ean AIT, b\u1ea3n Vi\u1ec7t ng\u1eef n\u00e0y \u0111\u01b0\u1ee3c hi\u1ec7u \u0111\u00ednh v\u00e0 ki\u1ec3m tra k\u1ef9 l\u01b0\u1ee1ng c\u00f9ng v\u1edbi vi\u1ec7c s\u1eed d\u1ee5ng th\u1eadn tr\u1ecdng nh\u1eefng t\u1eeb ng\u1eef, thu\u1eadt ng\u1eef v\u00e0 l\u1eddi v\u0103n nh\u1eb1m di\u1ec5n t\u1ea3 trung th\u1ef1c \u00fd t\u01b0\u1edfng c\u0169ng nh\u01b0 v\u0103n phong c\u1ee7a c\u00e1c t\u00e1c gi\u1ea3. V\u1ec1 t\u1eeb ng\u1eef, ch\u00fang t\u00f4i ph\u1ea7n l\u1edbn d\u00f9ng t\u1eeb ng\u1eef th\u00f4ng d\u1ee5ng trong c\u1ed9ng \u0111\u1ed3ng ng\u01b0\u1eddi Vi\u1ec7t h\u1ea3i ngo\u1ea1i.<\/p>\n<p style=\"text-align: justify;\">Trong quy\u1ec3n eBook, \u0111\u1ec3 ti\u1ec7n vi\u1ec7c tra c\u1ee9u, ch\u00fang t\u00f4i th\u00eam hai ph\u1ee5 l\u1ee5c: Ph\u1ee5 l\u1ee5c A: T\u1eeb ng\u1eef Anh &#8211; phi\u00ean \u00e2m Hoa &#8211; Vi\u1ec7t; v\u00e0 Ph\u1ee5 l\u1ee5c B: T\u1eeb ng\u1eef Vi\u1ec7t &#8211; phi\u00ean \u00e2m Hoa &#8211; Anh. C\u0169ng trong quy\u1ec3n eBook, ch\u00fang t\u00f4i c\u00f3 cung c\u1ea5p th\u00eam gi\u1ea3i th\u00edch v\u1ec1 m\u1ed9t s\u1ed1 t\u1eeb ng\u1eef v\u00e0 thu\u1eadt ng\u1eef (lu\u1eadt h\u1ecdc, kinh t\u1ebf, \u0111i\u1ec7n to\u00e1n, tin h\u1ecdc, v.v.), c\u00e1c th\u00e0nh ng\u1eef th\u00f4ng t\u1ee5c c\u0169ng nh\u01b0 nh\u1eefng s\u1ef1 ch\u01a1i ch\u1eef b\u1eb1ng Anh ng\u1eef c\u1ee7a t\u00e1c gi\u1ea3 v\u00e0 c\u00e1ch di\u1ec5n t\u1ea3 t\u01b0\u01a1ng \u0111\u01b0\u01a1ng b\u1eb1ng Vi\u1ec7t ng\u1eef trong b\u1ea3n d\u1ecbch.<\/p>\n<p style=\"text-align: justify;\">Ch\u00fang t\u00f4i mong nh\u1eadn \u0111\u01b0\u1ee3c c\u00e1c nh\u1eadn x\u00e9t v\u00e0 \u0111\u00f3ng g\u00f3p c\u1ee7a qu\u00fd \u0111\u1ed9c gi\u1ea3 \u0111\u1ec3 cho b\u1ea3n d\u1ecbch c\u1ee7a c\u00e1c l\u1ea7n xu\u1ea5t b\u1ea3n t\u01b0\u01a1ng lai \u0111\u01b0\u1ee3c th\u00eam ho\u00e0n thi\u1ec7n.<\/p>\n<p>Montr\u00e9al, ng\u00e0y 24 th\u00e1ng 7 n\u0103m 2013<\/p>\n<p>Thay m\u1eb7t nh\u00f3m d\u1ecbch thu\u1eadt,<br \/>\n<strong>Ti\u1ebfn s\u0129 L\u00ea Minh Th\u1ecbnh<\/strong><br \/>\n\u0110i\u1ec7n th\u01b0: <a href=\"mailto:chet.duoitay.tq@gmail.com\">chet.duoitay.tq@gmail.com<\/a>\n\t\t<\/div> \n\t<\/div> \n\t\t\t<\/div> \n\t\t\t<div id=\"tab-1386956539916-2-2\" class=\"wpb_tab ui-tabs-panel wpb_ui-tabs-hide clearfix\">\n\t\t\t\t\n\t<div class=\"wpb_text_column wpb_content_element  wpb_animate_when_almost_visible wpb_appear\">\n\t\t<div class=\"wpb_wrapper\">\n\t\t\tK\u00ednh th\u01b0a qu\u00fd v\u1ecb, ch\u00e0o c\u00e1c b\u1ea1n,<\/p>\n<p>Sau nhi\u1ec1u th\u00e1ng d\u00e0y c\u00f4ng d\u1ecbch thu\u1eadt, hi\u1ec7u \u0111\u00ednh, v\u00e0 tr\u1ea3i qua nh\u1eefng th\u1ee7 t\u1ee5c h\u00e0nh ch\u00e1nh kh\u00e1 ph\u1ee9c t\u1ea1p, quy\u1ec3n eBook \u201cCh\u1ebft d\u01b0\u1edbi tay Trung Qu\u1ed1c\u201d \u0111\u00e3 \u0111\u01b0\u1ee3c b\u00e1n Apple iBooks store tr\u00ean m\u1ea1ng internet. Ch\u00fang t\u00f4i quy\u1ebft \u0111\u1ecbnh b\u00e1n $12 M\u1ef9 kim \u0111\u1ec3 g\u00e2y qu\u1ef9 cho m\u1ed9t qu\u1ef9 h\u1ecdc b\u1ed5ng d\u00e0nh cho h\u1ecdc sinh ngh\u00e8o t\u1ea1i Vi\u1ec7t Nam. Hi\u1ec7n nay, eBook n\u00e0y c\u00f3 b\u00e1n tr\u00ean 21 ti\u1ec7m s\u00e1ch \u0111i\u1ec7n t\u1eed to\u00e0n th\u1ebf gi\u1edbi.<\/p>\n<p>K\u1ebf \u0111\u00f3, sau l\u1ea7n ra m\u1eaft eBook t\u1ea1i Montreal v\u00e0 Ottawa, ch\u00fang t\u00f4i nh\u1eadn \u0111\u01b0\u1ee3c s\u1ef1 \u1ee7ng h\u1ed9 t\u00ecnh th\u1ea7n v\u00e0 h\u1ed7 tr\u1ee3 t\u00e0i ch\u00e1nh m\u1ed9t c\u00e1ch n\u1ed3ng nhi\u1ec7t \u0111\u1ec3 in &#8220;Ch\u1ebft d\u01b0\u1edbi tay Trung Qu\u1ed1c&#8221; th\u00e0nh s\u00e1ch. S\u00e1ch hi\u1ec7n nay \u0111\u00e3 in, gi\u00e1 $25 Gia-kim hay $25 M\u1ef9-kim c\u1ed9ng c\u01b0\u1edbc ph\u00ed b\u01b0u \u0111i\u1ec7n.<\/p>\n<p>Xin qu\u00fd v\u1ecb xem th\u00eam c\u00e1ch mua eBook v\u00e0 s\u00e1ch gi\u1ea5y \u1edf m\u1ee5c k\u1ebf b\u00ean.<\/p>\n<p>Mong qu\u00fd v\u1ecb \u1ee7ng h\u1ed9 nhi\u1ec7t t\u00ecnh.<\/p>\n<p>Tr\u00e2n tr\u1ecdng,<\/p>\n<p>Ts. L\u00ea Minh Th\u1ecbnh<br \/>\nThay m\u1eb7t nh\u00f3m d\u1ecbch thu\u1eadt \u201cCh\u1ebft d\u01b0\u1edbi tay Trung Qu\u1ed1c\u201d.\n\t\t<\/div> \n\t<\/div> \n\t\t\t<\/div> \n\t\t\t<div id=\"tab-1386870003-2-41\" class=\"wpb_tab ui-tabs-panel wpb_ui-tabs-hide clearfix\">\n\t\t\t\t\n\t<div class=\"wpb_text_column wpb_content_element  wpb_animate_when_almost_visible wpb_top-to-bottom\">\n\t\t<div class=\"wpb_wrapper\">\n\t\t\t<strong>C\u00e1ch mua s\u00e1ch Ch\u1ebft d\u01b0\u1edbi tay Trung Qu\u1ed1c \u0111\u1ec3 \u0111\u1ecdc tr\u00ean iPhone, iPad:<\/strong><\/p>\n<p>A. N\u1ebfu qu\u00fd v\u1ecb mua t\u1eeb m\u00e1y Apple Desktop, MacBook, Macbook Pro, MacAir, qu\u00fd v\u1ecb s\u1ebd v\u00e0o iTunes store. V\u00e0 \u0111\u00e2y l\u00e0 li\u00ean n\u1ed1i tr\u1ef1c ti\u1ebfp \u0111\u1ebfn quy\u1ec3n s\u00e1ch:<\/p>\n<p>T\u1ea1i Canada, mua t\u1ea1i \u0111\u00e2y:<\/p>\n<p><a href=\"https:\/\/itunes.apple.com\/ca\/book\/chet-duoi-tay-trung-quoc\/id712487044?mt=11\" target=\"_blank\">https:\/\/itunes.apple.com\/ca\/book\/chet-duoi-tay-trung-quoc\/id712487044?mt=11<\/a><\/p>\n<p>T\u1ea1i M\u1ef9, mua t\u1ea1i \u0111\u00e2y:<\/p>\n<p><a href=\"https:\/\/itunes.apple.com\/ca\/book\/chet-duoi-tay-trung-quoc\/id712487044?mt=11\" target=\"_blank\">https:\/\/itunes.apple.com\/us\/book\/chet-duoi-tay-trung-quoc\/id712487044?mt=11<\/a><\/p>\n<p>&nbsp;<\/p>\n<p>B. N\u1ebfu qu\u00fd v\u1ecb mua tr\u1ef1c ti\u1ebfp t\u1eeb iPhone, iPad:<\/p>\n<p style=\"padding-left: 30px;\">a. H\u00e3y nh\u1ea5n v\u00e0o n\u00fat \/ icon &#8220;iBooks&#8221;. (N\u1ebfu qu\u00fd v\u1ecb kh\u00f4ng t\u00ecm th\u1ea5y n\u00fat &#8220;iBooks&#8221;, xin qu\u00fd v\u1ecb t\u1ea3i app n\u00e0y xu\u1ed1ng t\u1eeb iTunes store, mi\u1ec5n ph\u00ed. N\u1ebfu qu\u00fd v\u1ecb kh\u00f4ng l\u00e0m \u0111\u01b0\u1ee3c, xin li\u00ean l\u1ea1c v\u1edbi ch\u00fang t\u00f4i).<\/p>\n<p style=\"padding-left: 30px;\">b. Nh\u1ea5n v\u00e0o n\u00fat &#8220;Store&#8221; t\u1ee9c gian h\u00e0ng.<\/p>\n<p style=\"padding-left: 30px;\">c. Nh\u1ea5n v\u00e0o n\u00fat t\u00ecm ki\u1ebfm (h\u00ecnh k\u00ednh l\u00fap), \u0111\u00e1nh v\u00e0o d\u00f2ng ch\u1eef sau \u0111\u00e2y, KH\u00d4NG c\u1ea7n \u0111\u00e1nh d\u1ea5u Vi\u1ec7t ng\u1eef:<\/p>\n<p style=\"padding-left: 30px;\">\u00a0 \u00a0 \u00a0 \u00a0 \u00a0 \u00a0 chet duoi tay trung quoc<\/p>\n<p style=\"padding-left: 30px;\">d. Nh\u1ea5n v\u00e0o n\u00fat Search hay T\u00ecm ki\u1ebfm<\/p>\n<p style=\"padding-left: 30px;\">e. M\u00e1y s\u1ebd hi\u1ec7n ra h\u00ecnh b\u00eca s\u00e1ch, d\u01b0\u1edbi \u0111\u00f3 c\u00f3 t\u00ean &#8220;Thinh M. Le &amp; Friends&#8221;.<\/p>\n<p style=\"padding-left: 30px;\">f. Nh\u1ea5n v\u00e0o n\u00fat $11.99<\/p>\n<p style=\"padding-left: 30px;\">g. N\u00fat $11.99 s\u1ebd tr\u1edf th\u00e0nh n\u00fat BUY BOOK (t\u1ee9c MUA S\u00c1CH), nh\u1ea5n v\u00e0o n\u00fat BUY BOOK.<\/p>\n<p style=\"padding-left: 30px;\">h. M\u00e1y s\u1ebd hi\u1ec7n l\u00ean email c\u1ee7a qu\u00fd v\u1ecb, v\u00e0 h\u1ecfi qu\u00fd v\u1ecb m\u1eadt m\u00e3 \u0111\u1ec3 mua h\u00e0ng t\u1ea1i apple store. Qu\u00fd v\u1ecb \u0111\u00e1nh v\u00e0o m\u1eadt m\u00e3.<\/p>\n<p style=\"padding-left: 30px;\">i. Sau \u0111\u00f3, m\u00e1y s\u1ebd t\u1ef1 \u0111\u1ed9ng t\u1ea3i s\u00e1ch xu\u1ed1ng, v\u00e0 c\u00e0i \u0111\u1eb7t.<\/p>\n<p style=\"padding-left: 30px;\">j. Sau khi c\u00e0i \u0111\u1eb7t xong, qu\u00fd v\u1ecb l\u1ea1i nh\u1ea5n v\u00e0o n\u00fat &#8220;iBooks&#8221;.<\/p>\n<p style=\"padding-left: 30px;\">k. Trong iBooks, qu\u00fd v\u1ecb s\u1ebd th\u1ea5y m\u1ed9t t\u1ee7 s\u00e1ch, trong \u0111\u00f3 c\u00f3 quy\u1ec3n &#8220;Ch\u1ebft d\u01b0\u1edbi tay Trung Qu\u1ed1c&#8221;, qu\u00fd v\u1ecb nh\u1ea5n v\u00e0o b\u00eca s\u00e1ch, t\u1eeb \u0111\u00f3 qu\u00fd v\u1ecb c\u00f3 th\u1ec3 b\u1eaft \u0111\u1ea7u \u0111\u1ecdc.<\/p>\n\n\t\t<\/div> \n\t<\/div> \n\t\t\t<\/div> \n\t\t\t<div id=\"tab-1391047984577-3-10\" class=\"wpb_tab ui-tabs-panel wpb_ui-tabs-hide clearfix\">\n\t\t\t\t\n\t<div class=\"wpb_text_column wpb_content_element \">\n\t\t<div class=\"wpb_wrapper\">\n\t\t\tQu\u00fd v\u1ecb c\u00f3 th\u1ec3 mua s\u00e1ch gi\u1ea5y t\u1ea1i trang m\u1ea1ng Amazon hay t\u1ea1i c\u00e1c th\u00e0nh ph\u1ed1 l\u1edbn, qu\u00fd v\u1ecb c\u00f3 th\u1ec3 mua t\u1ea1i c\u00e1c ti\u1ec7m sau\u00a0\u0111\u00e2y:\n\t\t<\/div> \n\t<\/div>\n<div class=\"gap\" style=\"line-height: 40px; height: 40px;\"><\/div>\n<div class=\"wpb_row wf-container wf-container\">\n\t<div class=\"wf-cell wf-span-6 wpb_column column_container \">\n\t\t\t<div class=\"vc_text_separator wpb_content_element separator_align_left\"><div>Amazon<\/div><\/div>\n<div class=\"gap\" style=\"line-height: 20px; height: 20px;\"><\/div>\n<div class=\"wpb_text_column wpb_content_element \">\n\t\t<div class=\"wpb_wrapper\">\n\t\t\tM\u1eddi qu\u00fd v\u1ecb theo\u00a0\u0111\u01b0\u1eddng d\u1eabn d\u01b0\u1edbi\u00a0\u0111\u00e2y:<\/p>\n<p><a href=\"http:\/\/www.amazon.com\/Chet-Duoi-Tay-Trung-Quoc\/dp\/1629883239\" target=\"_blank\">http:\/\/www.amazon.com\/Chet-<wbr \/>Duoi-Tay-Trung-Quoc\/dp\/<wbr \/>1629883239<\/a>\n\t\t<\/div> \n\t<\/div> \n\t<\/div> \n\n\t<div class=\"wf-cell wf-span-6 wpb_column column_container \">\n\t\t\t<div class=\"vc_text_separator wpb_content_element separator_align_left\"><div>Little S\u00e0i G\u00f2n, Orange County, California<\/div><\/div>\n<div class=\"gap\" style=\"line-height: 20px; height: 20px;\"><\/div>\n\n\t<div class=\"wpb_text_column wpb_content_element \">\n\t\t<div class=\"wpb_wrapper\">\n\t\t\t\n<div><strong>Tr\u1ee5 s\u1edf b\u00e1o Ng\u01b0\u1eddi Vi\u1ec7t<\/strong><\/div>\n<div>14771-14772 Moran Street<\/div>\n<div>Westminster, CA 92683<\/div>\n<div>USA<\/div>\n\n\t\t<\/div> \n\t<\/div> \n\t<\/div> \n<\/div>\n<div class=\"gap\" style=\"line-height: 30px; height: 30px;\"><\/div>\n<div class=\"wpb_row wf-container wf-container\">\n\t<div class=\"wf-cell wf-span-6 wpb_column column_container \">\n\t\t\t<div class=\"vc_text_separator wpb_content_element separator_align_left\"><div>Little S\u00e0i G\u00f2n, Orange County, California<\/div><\/div>\n<div class=\"gap\" style=\"line-height: 20px; height: 20px;\"><\/div>\n\n\t<div class=\"wpb_text_column wpb_content_element \">\n\t\t<div class=\"wpb_wrapper\">\n\t\t\t\n<div><strong>T\u00fa Qu\u1ef3nh Bookstore and Music<\/strong><\/div>\n<div>9581 Bolsa Ave,<\/div>\n<div>Westminster,\u00a0CA\u00a092683<\/div>\n<div>USA<\/div>\n\n\t\t<\/div> \n\t<\/div> \n\t<\/div> \n\n\t<div class=\"wf-cell wf-span-6 wpb_column column_container \">\n\t\t\t<div class=\"vc_text_separator wpb_content_element separator_align_left\"><div>Houston, Texas<\/div><\/div>\n<div class=\"gap\" style=\"line-height: 20px; height: 20px;\"><\/div>\n<div class=\"wpb_text_column wpb_content_element \">\n\t\t<div class=\"wpb_wrapper\">\n\t\t\t<strong>Ti\u1ec7m s\u00e1ch Ph\u01b0\u01a1ng My Music<\/strong><br \/>\n11205 Bellaire Blvd<br \/>\nSte B-8<br \/>\nHouston, TX 77072<br \/>\nUSA\n\t\t<\/div> \n\t<\/div> \n\t<\/div> \n<\/div>\n<div class=\"gap\" style=\"line-height: 30px; height: 30px;\"><\/div>\n<div class=\"wpb_row wf-container wf-container\">\n\t<div class=\"wf-cell wf-span-6 wpb_column column_container \">\n\t\t\t<div class=\"vc_text_separator wpb_content_element separator_align_left\"><div>Toronto, Canada<\/div><\/div>\n<div class=\"gap\" style=\"line-height: 20px; height: 20px;\"><\/div>\n\n\t<div class=\"wpb_text_column wpb_content_element \">\n\t\t<div class=\"wpb_wrapper\">\n\t\t\t\n<div><strong>Hi\u1ec7u thu\u1ed1c Hoa \u0110\u00e0<\/strong><\/div>\n<div>1369 Wilson Avenue<\/div>\n<div>Toronto, ON, M3M 1H7<\/div>\n<div>Canada<\/div>\n\n\t\t<\/div> \n\t<\/div> \n\t<\/div> \n\n\t<div class=\"wf-cell wf-span-6 wpb_column column_container \">\n\t\t\t<div class=\"vc_text_separator wpb_content_element separator_align_left\"><div>Toronto, Canada<\/div><\/div>\n<div class=\"gap\" style=\"line-height: 20px; height: 20px;\"><\/div>\n\n\t<div class=\"wpb_text_column wpb_content_element \">\n\t\t<div class=\"wpb_wrapper\">\n\t\t\t\n<div>\n<div><strong>Saigon\u00a0Tap H\u00f3a<\/strong><\/div>\n<div>222 Spadina Avenue, Unit 7C (n\u1eb1m d\u01b0\u1edbi basement)<\/div>\n<div>Toronto, ON. M5T 3A2<\/div>\n<\/div>\n<div>Canada<\/div>\n\n\t\t<\/div> \n\t<\/div> \n\t<\/div> \n<\/div>\n\t\t\t<\/div> \n\t\t<\/div> \n\t<\/div> \n\t<\/div> \n<\/div>\n","protected":false},"excerpt":{"rendered":"Ch\u1ebft d\u01b0\u1edbi tay Trung Qu\u1ed1c Gi\u1edbi thi\u1ec7uQu\u1ef9 h\u1ecdc b\u1ed5ngC\u00e1ch mua eBookC\u00e1ch mua s\u00e1ch L\u1eddi gi\u1edbi thi\u1ec7u b\u1ea3n Vi\u1ec7t ng\u1eef \u201cCh\u1ebft d\u01b0\u1edbi tay Trung Qu\u1ed1c\u201d Ch\u00fang t\u00f4i h\u00e2n h\u1ea1nh chuy\u1ec3n \u0111\u1ebfn qu\u00fd v\u1ecb v\u00e0 c\u00e1c b\u1ea1n b\u1ea3n ti\u1ebfng Vi\u1ec7t c\u1ee7a m\u1ed9t t\u00e0i li\u1ec7u r\u1ea5t c\u00f3 gi\u00e1 tr\u1ecb. Death by China - \u2018Ch\u1ebft d\u01b0\u1edbi tay Trung Qu\u1ed1c\u2019&hellip;","protected":false},"author":1,"featured_media":0,"parent":0,"menu_order":0,"comment_status":"closed","ping_status":"closed","template":"","meta":{"footnotes":"","_links_to":"","_links_to_target":""},"class_list":["post-14214","page","type-page","status-publish","hentry"],"_links":{"self":[{"href":"https:\/\/thinhmle.com\/en\/wp-json\/wp\/v2\/pages\/14214","targetHints":{"allow":["GET"]}}],"collection":[{"href":"https:\/\/thinhmle.com\/en\/wp-json\/wp\/v2\/pages"}],"about":[{"href":"https:\/\/thinhmle.com\/en\/wp-json\/wp\/v2\/types\/page"}],"author":[{"embeddable":true,"href":"https:\/\/thinhmle.com\/en\/wp-json\/wp\/v2\/users\/1"}],"replies":[{"embeddable":true,"href":"https:\/\/thinhmle.com\/en\/wp-json\/wp\/v2\/comments?post=14214"}],"version-history":[{"count":0,"href":"https:\/\/thinhmle.com\/en\/wp-json\/wp\/v2\/pages\/14214\/revisions"}],"wp:attachment":[{"href":"https:\/\/thinhmle.com\/en\/wp-json\/wp\/v2\/media?parent=14214"}],"curies":[{"name":"wp","href":"https:\/\/api.w.org\/{rel}","templated":true}]}}